{"id":112311,"date":"2025-05-14T09:57:32","date_gmt":"2025-05-14T07:57:32","guid":{"rendered":"https:\/\/heitzsystem.com\/informazioni-legali\/"},"modified":"2025-11-17T14:29:35","modified_gmt":"2025-11-17T13:29:35","slug":"informazioni-legali","status":"publish","type":"page","link":"https:\/\/heitzsystem.com\/it\/informazioni-legali\/","title":{"rendered":"Informazioni legali"},"content":{"rendered":"\t\t<div data-elementor-type=\"wp-page\" data-elementor-id=\"112311\" class=\"elementor elementor-112311 elementor-110980\" data-elementor-post-type=\"page\">\n\t\t\t\t<div class=\"elementor-element elementor-element-b8fc8aa e-flex e-con-boxed e-con e-parent\" data-id=\"b8fc8aa\" data-element_type=\"container\" data-e-type=\"container\" data-settings=\"{&quot;background_background&quot;:&quot;classic&quot;}\">\n\t\t\t\t\t<div class=\"e-con-inner\">\n\t\t\t\t<div class=\"elementor-element elementor-element-b2beac1 elementor-widget elementor-widget-heading\" data-id=\"b2beac1\" data-element_type=\"widget\" data-e-type=\"widget\" data-widget_type=\"heading.default\">\n\t\t\t\t<div class=\"elementor-widget-container\">\n\t\t\t\t\t<h1 class=\"elementor-heading-title elementor-size-default\">Informazioni legali<\/h1>\t\t\t\t<\/div>\n\t\t\t\t<\/div>\n\t\t\t\t\t<\/div>\n\t\t\t\t<\/div>\n\t\t<div class=\"elementor-element elementor-element-8f7b44b e-flex e-con-boxed e-con e-parent\" data-id=\"8f7b44b\" data-element_type=\"container\" data-e-type=\"container\">\n\t\t\t\t\t<div class=\"e-con-inner\">\n\t\t<div class=\"elementor-element elementor-element-3de2c6b e-con-full e-flex e-con e-child\" data-id=\"3de2c6b\" data-element_type=\"container\" data-e-type=\"container\">\n\t\t\t\t<div class=\"elementor-element elementor-element-c3e72a9 elementor-widget elementor-widget-heading\" data-id=\"c3e72a9\" data-element_type=\"widget\" data-e-type=\"widget\" data-widget_type=\"heading.default\">\n\t\t\t\t<div class=\"elementor-widget-container\">\n\t\t\t\t\t<h2 class=\"elementor-heading-title elementor-size-default\">Editore<\/h2>\t\t\t\t<\/div>\n\t\t\t\t<\/div>\n\t\t\t\t<div class=\"elementor-element elementor-element-272d837 elementor-widget elementor-widget-text-editor\" data-id=\"272d837\" data-element_type=\"widget\" data-e-type=\"widget\" data-widget_type=\"text-editor.default\">\n\t\t\t\t<div class=\"elementor-widget-container\">\n\t\t\t\t\t\t\t\t\t<p>HEITZ System<br>Sede legale: 184 Avenue Louis L\u00e9pine<br>84700 Sorgues<br>SAS con capitale sociale di 12.000 \u20ac<br>SIREN: 440 858 660<br>Responsabile editoriale: Emmanuel VINCENT<\/p>\t\t\t\t\t\t\t\t<\/div>\n\t\t\t\t<\/div>\n\t\t\t\t<\/div>\n\t\t<div class=\"elementor-element elementor-element-c88a8a1 e-con-full e-flex e-con e-child\" data-id=\"c88a8a1\" data-element_type=\"container\" data-e-type=\"container\">\n\t\t\t\t<div class=\"elementor-element elementor-element-8a0af64 elementor-widget elementor-widget-heading\" data-id=\"8a0af64\" data-element_type=\"widget\" data-e-type=\"widget\" data-widget_type=\"heading.default\">\n\t\t\t\t<div class=\"elementor-widget-container\">\n\t\t\t\t\t<h2 class=\"elementor-heading-title elementor-size-default\">Produzione e integrazione<\/h2>\t\t\t\t<\/div>\n\t\t\t\t<\/div>\n\t\t\t\t<div class=\"elementor-element elementor-element-40d900d elementor-widget elementor-widget-text-editor\" data-id=\"40d900d\" data-element_type=\"widget\" data-e-type=\"widget\" data-widget_type=\"text-editor.default\">\n\t\t\t\t<div class=\"elementor-widget-container\">\n\t\t\t\t\t\t\t\t\t<p>Commpagnie<br>20 rue des Glacis, 54000 Nancy  <\/p>\t\t\t\t\t\t\t\t<\/div>\n\t\t\t\t<\/div>\n\t\t\t\t<\/div>\n\t\t<div class=\"elementor-element elementor-element-35c3205 e-con-full e-flex e-con e-child\" data-id=\"35c3205\" data-element_type=\"container\" data-e-type=\"container\">\n\t\t\t\t<div class=\"elementor-element elementor-element-bf91ed3 elementor-widget elementor-widget-heading\" data-id=\"bf91ed3\" data-element_type=\"widget\" data-e-type=\"widget\" data-widget_type=\"heading.default\">\n\t\t\t\t<div class=\"elementor-widget-container\">\n\t\t\t\t\t<h2 class=\"elementor-heading-title elementor-size-default\">Hosting di siti web<\/h2>\t\t\t\t<\/div>\n\t\t\t\t<\/div>\n\t\t\t\t<div class=\"elementor-element elementor-element-e9c82cc elementor-widget elementor-widget-text-editor\" data-id=\"e9c82cc\" data-element_type=\"widget\" data-e-type=\"widget\" data-widget_type=\"text-editor.default\">\n\t\t\t\t<div class=\"elementor-widget-container\">\n\t\t\t\t\t\t\t\t\t<p>OVH<br>SAS au capital de 10 000 000 \u20ac<br>RCS Roubaix &#8211; Tourcoing 424 761 419 00045<br>Code APE 6202A<br>N\u00b0TVA : FR 22 424 761 419<br>Sede legale : 2 rue Kellermann &#8211; 59100 Roubaix &#8211; France<\/p>\t\t\t\t\t\t\t\t<\/div>\n\t\t\t\t<\/div>\n\t\t\t\t<\/div>\n\t\t\t\t\t<\/div>\n\t\t\t\t<\/div>\n\t\t<div class=\"elementor-element elementor-element-61f2b40 e-flex e-con-boxed e-con e-parent\" data-id=\"61f2b40\" data-element_type=\"container\" data-e-type=\"container\">\n\t\t\t\t\t<div class=\"e-con-inner\">\n\t\t\t\t<div class=\"elementor-element elementor-element-5a1cbb6 elementor-widget elementor-widget-text-editor\" data-id=\"5a1cbb6\" data-element_type=\"widget\" data-e-type=\"widget\" data-widget_type=\"text-editor.default\">\n\t\t\t\t<div class=\"elementor-widget-container\">\n\t\t\t\t\t\t\t\t\t<p>Tutte le informazioni e le dichiarazioni fornite in questo sito web sono di natura non contrattuale. HEITZ System non garantisce in alcun modo l&#8217;accuratezza o la completezza del contenuto di questo sito. Tutti i contenuti e le informazioni sono forniti &#8220;cos\u00ec come sono&#8221; e senza garanzie di alcun tipo, sia espresse che implicite. HEITZ System declina ogni garanzia e responsabilit\u00e0, espressa o implicita, incluse, a titolo esemplificativo e non esaustivo, la commerciabilit\u00e0 e l&#8217;idoneit\u00e0 per uno scopo particolare.   <\/p><p>HEITZ System non garantisce che l&#8217;accesso al nostro sito web sia privo di interruzioni, errori, virus informatici o altri componenti dannosi. N\u00e9 Heitz System n\u00e9 qualsiasi altra parte coinvolta nella creazione, produzione o consegna di questo sito web o di qualsiasi sito web collegato a questo sito web sar\u00e0 responsabile per qualsiasi danno diretto, indiretto, incidentale, consequenziale o punitivo derivante dall&#8217;accesso, dall&#8217;uso o dall&#8217;impossibilit\u00e0 di usare questo sito web o qualsiasi sito web collegato a questo sito web. L&#8217;uso di questo sito \u00e8 interamente a rischio dell&#8217;utente.  <\/p><p>Eventuali errori nei contenuti saranno corretti non appena HEITZ System ne verr\u00e0 a conoscenza. Il contenuto di questo sito web non pu\u00f2 essere aggiornato in modo permanente a causa di ritardi tecnici nella trasmissione dei dati. Per informazioni sulla disponibilit\u00e0 dei nostri prodotti e servizi, contatta il nostro ufficio vendite. I link ad altri siti web non sono controllati in modo permanente. Heitz System non pu\u00f2 in alcun caso essere ritenuta responsabile del contenuto dei siti collegati.    <\/p><p><strong>Download di software\/pacchetti software<\/strong><br>HEITZ System non garantisce in alcun modo che gli elementi scaricati da questo sito non contengano errori, virus informatici o altri componenti dannosi. HEITZ System non sar\u00e0 in alcun caso responsabile per qualsiasi danno, diretto, indiretto, incidentale, consequenziale o punitivo, derivante dall&#8217;uso o dall&#8217;impossibilit\u00e0 di utilizzare il software o i pacchetti software o gli elementi scaricati da questo sito. In ogni caso, ti consigliamo di controllare tutti gli articoli scaricati con un software di rilevamento virus aggiornato.  <\/p><p><strong>Copyright<\/strong><br>Tutte le informazioni, i grafici, i disegni, le descrizioni dei prodotti, i documenti, i contenuti e i software\/pacchetti software disponibili su questo sito web sono propriet\u00e0 intellettuale di HEITZ System e sono soggetti alle leggi vigenti sul copyright. Qualsiasi frode sar\u00e0 perseguita penalmente. <\/p><p><strong>Sicurezza dei dati<\/strong><br>Per quanto riguarda la sicurezza dei dati e il trattamento dei dati personali, operiamo in conformit\u00e0 con l&#8217;Informativa sulla privacy. Qualsiasi controversia derivante dall&#8217;utilizzo di questo sito \u00e8 soggetta alle leggi francesi in materia di ICT. <\/p><p><strong>Protezione dei dati personali<\/strong><br>Ai sensi della legge francese sulla protezione dei dati personali del 6 gennaio 1978, modificata nel 2004, l&#8217;utente ha il diritto di accedere e rettificare qualsiasi informazione che lo riguardi, diritto che pu\u00f2 esercitare contattando HEITZ System.<\/p><p>&#8211; per e-mail: utilizza il modulo di contatto cliccando <a href=\"https:\/\/heitzsystem.com\/contact\/\">qui<\/a><br>&#8211; per posta: a HEITZ System: 184 Avenue Louis L\u00e9pine 84700 Sorgues &#8211; Francia<\/p><p>Puoi anche, per motivi legittimi, opporti al trattamento dei tuoi dati.<br><a href=\"https:\/\/heitzsystem.com\/politique-rgpd\">La nostra politica sulla privacy &#8211; RGPD<\/a><\/p>\t\t\t\t\t\t\t\t<\/div>\n\t\t\t\t<\/div>\n\t\t\t\t\t<\/div>\n\t\t\t\t<\/div>\n\t\t\t\t<\/div>\n\t\t","protected":false},"excerpt":{"rendered":"<p>Informazioni legali Editore HEITZ SystemSede legale: 184 Avenue Louis L\u00e9pine84700 SorguesSAS con capitale sociale di 12.000 \u20acSIREN: 440 858 660Responsabile editoriale: Emmanuel VINCENT Produzione e integrazione Commpagnie20 rue des Glacis, 54000 Nancy Hosting di siti web OVHSAS au capital de 10 000 000 \u20acRCS Roubaix &#8211; Tourcoing 424 761 419 00045Code APE 6202AN\u00b0TVA : FR [&hellip;]<\/p>\n","protected":false},"author":1,"featured_media":0,"parent":0,"menu_order":0,"comment_status":"closed","ping_status":"closed","template":"elementor_header_footer","meta":{"footnotes":""},"class_list":["post-112311","page","type-page","status-publish","hentry"],"yoast_head":"<!-- This site is optimized with the Yoast SEO plugin v27.4 - https:\/\/yoast.com\/product\/yoast-seo-wordpress\/ -->\n<title>Informazioni legali - HEITZ System<\/title>\n<meta name=\"robots\" content=\"noindex, nofollow\" \/>\n<meta property=\"og:locale\" content=\"it_IT\" \/>\n<meta property=\"og:type\" content=\"article\" \/>\n<meta property=\"og:title\" content=\"Informazioni legali - HEITZ System\" \/>\n<meta property=\"og:description\" content=\"Informazioni legali Editore HEITZ SystemSede legale: 184 Avenue Louis L\u00e9pine84700 SorguesSAS con capitale sociale di 12.000 \u20acSIREN: 440 858 660Responsabile editoriale: Emmanuel VINCENT Produzione e integrazione Commpagnie20 rue des Glacis, 54000 Nancy Hosting di siti web OVHSAS au capital de 10 000 000 \u20acRCS Roubaix &#8211; Tourcoing 424 761 419 00045Code APE 6202AN\u00b0TVA : FR [&hellip;]\" \/>\n<meta property=\"og:url\" content=\"https:\/\/heitzsystem.com\/it\/informazioni-legali\/\" \/>\n<meta property=\"og:site_name\" content=\"HEITZ System\" \/>\n<meta property=\"article:modified_time\" content=\"2025-11-17T13:29:35+00:00\" \/>\n<meta name=\"twitter:card\" content=\"summary_large_image\" \/>\n<meta name=\"twitter:label1\" content=\"Tempo di lettura stimato\" \/>\n\t<meta name=\"twitter:data1\" content=\"3 minuti\" \/>\n<script type=\"application\/ld+json\" class=\"yoast-schema-graph\">{\"@context\":\"https:\\\/\\\/schema.org\",\"@graph\":[{\"@type\":\"WebPage\",\"@id\":\"https:\\\/\\\/heitzsystem.com\\\/it\\\/informazioni-legali\\\/\",\"url\":\"https:\\\/\\\/heitzsystem.com\\\/it\\\/informazioni-legali\\\/\",\"name\":\"Informazioni legali - HEITZ System\",\"isPartOf\":{\"@id\":\"https:\\\/\\\/heitzsystem.com\\\/it\\\/#website\"},\"datePublished\":\"2025-05-14T07:57:32+00:00\",\"dateModified\":\"2025-11-17T13:29:35+00:00\",\"breadcrumb\":{\"@id\":\"https:\\\/\\\/heitzsystem.com\\\/it\\\/informazioni-legali\\\/#breadcrumb\"},\"inLanguage\":\"it-IT\",\"potentialAction\":[{\"@type\":\"ReadAction\",\"target\":[\"https:\\\/\\\/heitzsystem.com\\\/it\\\/informazioni-legali\\\/\"]}]},{\"@type\":\"BreadcrumbList\",\"@id\":\"https:\\\/\\\/heitzsystem.com\\\/it\\\/informazioni-legali\\\/#breadcrumb\",\"itemListElement\":[{\"@type\":\"ListItem\",\"position\":1,\"name\":\"Accueil\",\"item\":\"https:\\\/\\\/heitzsystem.com\\\/it\\\/\"},{\"@type\":\"ListItem\",\"position\":2,\"name\":\"Informazioni legali\"}]},{\"@type\":\"WebSite\",\"@id\":\"https:\\\/\\\/heitzsystem.com\\\/it\\\/#website\",\"url\":\"https:\\\/\\\/heitzsystem.com\\\/it\\\/\",\"name\":\"Heitz System\",\"description\":\"HEITZ System\",\"publisher\":{\"@id\":\"https:\\\/\\\/heitzsystem.com\\\/it\\\/#organization\"},\"potentialAction\":[{\"@type\":\"SearchAction\",\"target\":{\"@type\":\"EntryPoint\",\"urlTemplate\":\"https:\\\/\\\/heitzsystem.com\\\/it\\\/?s={search_term_string}\"},\"query-input\":{\"@type\":\"PropertyValueSpecification\",\"valueRequired\":true,\"valueName\":\"search_term_string\"}}],\"inLanguage\":\"it-IT\"},{\"@type\":\"Organization\",\"@id\":\"https:\\\/\\\/heitzsystem.com\\\/it\\\/#organization\",\"name\":\"Heitz System\",\"url\":\"https:\\\/\\\/heitzsystem.com\\\/it\\\/\",\"logo\":{\"@type\":\"ImageObject\",\"inLanguage\":\"it-IT\",\"@id\":\"https:\\\/\\\/heitzsystem.com\\\/it\\\/#\\\/schema\\\/logo\\\/image\\\/\",\"url\":\"https:\\\/\\\/heitzsystem.com\\\/wp-content\\\/uploads\\\/2025\\\/03\\\/images.png\",\"contentUrl\":\"https:\\\/\\\/heitzsystem.com\\\/wp-content\\\/uploads\\\/2025\\\/03\\\/images.png\",\"width\":498,\"height\":101,\"caption\":\"Heitz System\"},\"image\":{\"@id\":\"https:\\\/\\\/heitzsystem.com\\\/it\\\/#\\\/schema\\\/logo\\\/image\\\/\"}}]}<\/script>\n<!-- \/ Yoast SEO plugin. -->","yoast_head_json":{"title":"Informazioni legali - HEITZ System","robots":{"index":"noindex","follow":"nofollow"},"og_locale":"it_IT","og_type":"article","og_title":"Informazioni legali - HEITZ System","og_description":"Informazioni legali Editore HEITZ SystemSede legale: 184 Avenue Louis L\u00e9pine84700 SorguesSAS con capitale sociale di 12.000 \u20acSIREN: 440 858 660Responsabile editoriale: Emmanuel VINCENT Produzione e integrazione Commpagnie20 rue des Glacis, 54000 Nancy Hosting di siti web OVHSAS au capital de 10 000 000 \u20acRCS Roubaix &#8211; Tourcoing 424 761 419 00045Code APE 6202AN\u00b0TVA : FR [&hellip;]","og_url":"https:\/\/heitzsystem.com\/it\/informazioni-legali\/","og_site_name":"HEITZ System","article_modified_time":"2025-11-17T13:29:35+00:00","twitter_card":"summary_large_image","twitter_misc":{"Tempo di lettura stimato":"3 minuti"},"schema":{"@context":"https:\/\/schema.org","@graph":[{"@type":"WebPage","@id":"https:\/\/heitzsystem.com\/it\/informazioni-legali\/","url":"https:\/\/heitzsystem.com\/it\/informazioni-legali\/","name":"Informazioni legali - HEITZ System","isPartOf":{"@id":"https:\/\/heitzsystem.com\/it\/#website"},"datePublished":"2025-05-14T07:57:32+00:00","dateModified":"2025-11-17T13:29:35+00:00","breadcrumb":{"@id":"https:\/\/heitzsystem.com\/it\/informazioni-legali\/#breadcrumb"},"inLanguage":"it-IT","potentialAction":[{"@type":"ReadAction","target":["https:\/\/heitzsystem.com\/it\/informazioni-legali\/"]}]},{"@type":"BreadcrumbList","@id":"https:\/\/heitzsystem.com\/it\/informazioni-legali\/#breadcrumb","itemListElement":[{"@type":"ListItem","position":1,"name":"Accueil","item":"https:\/\/heitzsystem.com\/it\/"},{"@type":"ListItem","position":2,"name":"Informazioni legali"}]},{"@type":"WebSite","@id":"https:\/\/heitzsystem.com\/it\/#website","url":"https:\/\/heitzsystem.com\/it\/","name":"Heitz System","description":"HEITZ System","publisher":{"@id":"https:\/\/heitzsystem.com\/it\/#organization"},"potentialAction":[{"@type":"SearchAction","target":{"@type":"EntryPoint","urlTemplate":"https:\/\/heitzsystem.com\/it\/?s={search_term_string}"},"query-input":{"@type":"PropertyValueSpecification","valueRequired":true,"valueName":"search_term_string"}}],"inLanguage":"it-IT"},{"@type":"Organization","@id":"https:\/\/heitzsystem.com\/it\/#organization","name":"Heitz System","url":"https:\/\/heitzsystem.com\/it\/","logo":{"@type":"ImageObject","inLanguage":"it-IT","@id":"https:\/\/heitzsystem.com\/it\/#\/schema\/logo\/image\/","url":"https:\/\/heitzsystem.com\/wp-content\/uploads\/2025\/03\/images.png","contentUrl":"https:\/\/heitzsystem.com\/wp-content\/uploads\/2025\/03\/images.png","width":498,"height":101,"caption":"Heitz System"},"image":{"@id":"https:\/\/heitzsystem.com\/it\/#\/schema\/logo\/image\/"}}]}},"_links":{"self":[{"href":"https:\/\/heitzsystem.com\/it\/wp-json\/wp\/v2\/pages\/112311","targetHints":{"allow":["GET"]}}],"collection":[{"href":"https:\/\/heitzsystem.com\/it\/wp-json\/wp\/v2\/pages"}],"about":[{"href":"https:\/\/heitzsystem.com\/it\/wp-json\/wp\/v2\/types\/page"}],"author":[{"embeddable":true,"href":"https:\/\/heitzsystem.com\/it\/wp-json\/wp\/v2\/users\/1"}],"replies":[{"embeddable":true,"href":"https:\/\/heitzsystem.com\/it\/wp-json\/wp\/v2\/comments?post=112311"}],"version-history":[{"count":2,"href":"https:\/\/heitzsystem.com\/it\/wp-json\/wp\/v2\/pages\/112311\/revisions"}],"predecessor-version":[{"id":112313,"href":"https:\/\/heitzsystem.com\/it\/wp-json\/wp\/v2\/pages\/112311\/revisions\/112313"}],"wp:attachment":[{"href":"https:\/\/heitzsystem.com\/it\/wp-json\/wp\/v2\/media?parent=112311"}],"curies":[{"name":"wp","href":"https:\/\/api.w.org\/{rel}","templated":true}]}}